{"id":666,"date":"2016-02-27T07:59:01","date_gmt":"2016-02-27T07:59:01","guid":{"rendered":"http:\/\/borradoreditores.com\/web\/?post_type=product&#038;p=666"},"modified":"2024-05-21T20:11:54","modified_gmt":"2024-05-21T20:11:54","slug":"necio","status":"publish","type":"product","link":"https:\/\/borradoreditores.com\/web\/producto\/necio\/","title":{"rendered":"Necio"},"content":{"rendered":"<p><strong>Autor: <\/strong>Adri\u00e1n Del Aguila<\/p>\n<p><strong>Colecci\u00f3n tem\u00e1tica:<\/strong> Literatura peruana<\/p>\n<p><strong>Tama\u00f1o: <\/strong>20cm x 14.5cm<\/p>\n<p><strong>P\u00e1ginas:<\/strong> 200<\/p>\n<p><strong>G\u00e9nero Literario:<\/strong> Narrativa<\/p>\n<p><strong>Subg\u00e9nero: <\/strong>Novela<\/p>\n<p><strong>Ciudad:<\/strong> Lima<\/p>\n<p><strong>A\u00f1o:<\/strong> 2016<\/p>\n<p><strong>N\u00fam. de ISBN:<\/strong> 978-612-4114-20-5<\/p>\n","protected":false},"excerpt":{"rendered":"<p>El protagonista de la historia nos plantea su lucha personal por no caer en las redes del sistema y, por el contrario, nos muestra su necesidad vital de aferrarse a sus sue\u00f1os. Una lucha que no ser\u00e1 f\u00e1cil dentro de una sociedad que impone sus f\u00e9rreas normas.<\/p>\n","protected":false},"featured_media":667,"comment_status":"open","ping_status":"closed","template":"","meta":[],"product_brand":[],"product_cat":[24],"product_tag":[25],"class_list":{"0":"post-666","1":"product","2":"type-product","3":"status-publish","4":"has-post-thumbnail","6":"product_cat-novela","7":"product_tag-novela","9":"first","10":"instock","11":"purchasable","12":"product-type-simple"},"_links":{"self":[{"href":"https:\/\/borradoreditores.com\/web\/wp-json\/wp\/v2\/product\/666","targetHints":{"allow":["GET"]}}],"collection":[{"href":"https:\/\/borradoreditores.com\/web\/wp-json\/wp\/v2\/product"}],"about":[{"href":"https:\/\/borradoreditores.com\/web\/wp-json\/wp\/v2\/types\/product"}],"replies":[{"embeddable":true,"href":"https:\/\/borradoreditores.com\/web\/wp-json\/wp\/v2\/comments?post=666"}],"version-history":[{"count":1,"href":"https:\/\/borradoreditores.com\/web\/wp-json\/wp\/v2\/product\/666\/revisions"}],"predecessor-version":[{"id":1464,"href":"https:\/\/borradoreditores.com\/web\/wp-json\/wp\/v2\/product\/666\/revisions\/1464"}],"wp:featuredmedia":[{"embeddable":true,"href":"https:\/\/borradoreditores.com\/web\/wp-json\/wp\/v2\/media\/667"}],"wp:attachment":[{"href":"https:\/\/borradoreditores.com\/web\/wp-json\/wp\/v2\/media?parent=666"}],"wp:term":[{"taxonomy":"product_brand","embeddable":true,"href":"https:\/\/borradoreditores.com\/web\/wp-json\/wp\/v2\/product_brand?post=666"},{"taxonomy":"product_cat","embeddable":true,"href":"https:\/\/borradoreditores.com\/web\/wp-json\/wp\/v2\/product_cat?post=666"},{"taxonomy":"product_tag","embeddable":true,"href":"https:\/\/borradoreditores.com\/web\/wp-json\/wp\/v2\/product_tag?post=666"}],"curies":[{"name":"wp","href":"https:\/\/api.w.org\/{rel}","templated":true}]}}