{"id":662,"date":"2022-07-27T07:29:21","date_gmt":"2022-07-27T07:29:21","guid":{"rendered":"http:\/\/borradoreditores.com\/web\/?post_type=product&#038;p=662"},"modified":"2024-12-28T02:42:58","modified_gmt":"2024-12-28T02:42:58","slug":"rock-en-el-agustino","status":"publish","type":"product","link":"https:\/\/borradoreditores.com\/web\/producto\/rock-en-el-agustino\/","title":{"rendered":"Rock en el Agustino"},"content":{"rendered":"<p><strong>Autor: <\/strong>Mariano Vargas Vilca<\/p>\n<p><strong>Colecci\u00f3n tem\u00e1tica:<\/strong> Obras sobre ciencias sociales, cultura e identidad nacional<\/p>\n<p><strong> Tama\u00f1o:<\/strong> 22.5 x 14.5<\/p>\n<p><strong>P\u00e1ginas:<\/strong> 300<\/p>\n<p><strong>G\u00e9nero Literario:<\/strong> Narrativa<\/p>\n<p><strong>Ciudad:<\/strong> Lima<\/p>\n<p><strong>A\u00f1o:<\/strong> 2022<\/p>\n","protected":false},"excerpt":{"rendered":"<p>Rock en el Agustino. NOTICIAS DE UN CIRCUITO ALTERNATIVO AL ESTE DE LIMA: 1989-1995. Mariano Vargas Vilca (Borrador Editores, 2022). Este libro nos invita a recrear la historia de El Agustino, a acompa\u00f1ar a las personas y familias que lo han venido construyendo f\u00edsica y simb\u00f3licamente hasta el d\u00eda de hoy. La lucha por legitimar las identidades y culturas populares, desestimadas desde las clases dominantes, recorre las p\u00e1ginas de Rock en El Agustino desmontando el racismo, la segregaci\u00f3n y la violencia a las que son expuestas. Se trata de una obra de alcance nacional, un cap\u00edtulo m\u00e1s en la reflexi\u00f3n sobre la identidad peruana. Los protagonistas de este libro son personas que reivindican la esperanza y la solidaridad como formas de enfrentar las precariedades. Es un relato de fundamentos y, por eso, es particularmente importante en nuestra \u00e9poca, donde todo lo colectivo se diluye ante la ilusi\u00f3n del individualismo. La lucha de clases en el barrio, en Lima y en el Per\u00fa aparece como tel\u00f3n de fondo para las iniciativas de un colectivo de rockeros que nos muestra la belleza, la inteligencia y el ingenio de la cultura popular. El libro que hoy llega a manos de los lectores nos cuenta la historia de los que nunca son parte de la historia oficial.<\/p>\n","protected":false},"featured_media":606,"comment_status":"open","ping_status":"closed","template":"","meta":[],"product_brand":[],"product_cat":[42],"product_tag":[44,41],"class_list":{"0":"post-662","1":"product","2":"type-product","3":"status-publish","4":"has-post-thumbnail","6":"product_cat-ensayo","7":"product_tag-borrador-editores","8":"product_tag-ensayo","10":"first","11":"instock","12":"purchasable","13":"product-type-simple"},"_links":{"self":[{"href":"https:\/\/borradoreditores.com\/web\/wp-json\/wp\/v2\/product\/662","targetHints":{"allow":["GET"]}}],"collection":[{"href":"https:\/\/borradoreditores.com\/web\/wp-json\/wp\/v2\/product"}],"about":[{"href":"https:\/\/borradoreditores.com\/web\/wp-json\/wp\/v2\/types\/product"}],"replies":[{"embeddable":true,"href":"https:\/\/borradoreditores.com\/web\/wp-json\/wp\/v2\/comments?post=662"}],"version-history":[{"count":1,"href":"https:\/\/borradoreditores.com\/web\/wp-json\/wp\/v2\/product\/662\/revisions"}],"predecessor-version":[{"id":1444,"href":"https:\/\/borradoreditores.com\/web\/wp-json\/wp\/v2\/product\/662\/revisions\/1444"}],"wp:featuredmedia":[{"embeddable":true,"href":"https:\/\/borradoreditores.com\/web\/wp-json\/wp\/v2\/media\/606"}],"wp:attachment":[{"href":"https:\/\/borradoreditores.com\/web\/wp-json\/wp\/v2\/media?parent=662"}],"wp:term":[{"taxonomy":"product_brand","embeddable":true,"href":"https:\/\/borradoreditores.com\/web\/wp-json\/wp\/v2\/product_brand?post=662"},{"taxonomy":"product_cat","embeddable":true,"href":"https:\/\/borradoreditores.com\/web\/wp-json\/wp\/v2\/product_cat?post=662"},{"taxonomy":"product_tag","embeddable":true,"href":"https:\/\/borradoreditores.com\/web\/wp-json\/wp\/v2\/product_tag?post=662"}],"curies":[{"name":"wp","href":"https:\/\/api.w.org\/{rel}","templated":true}]}}