{"id":182,"date":"2015-07-18T23:37:05","date_gmt":"2015-07-18T23:37:05","guid":{"rendered":"http:\/\/borradoreditores.com\/web\/?post_type=product&#038;p=182"},"modified":"2024-05-21T20:09:36","modified_gmt":"2024-05-21T20:09:36","slug":"cuaderno-extranjero","status":"publish","type":"product","link":"https:\/\/borradoreditores.com\/web\/producto\/cuaderno-extranjero\/","title":{"rendered":"Cuaderno extranjero"},"content":{"rendered":"<p><strong>Autor: <\/strong>Enrique S\u00e1nchez Hernani<\/p>\n<p><strong>Colecci\u00f3n tem\u00e1tica:<\/strong> Literatura peruana<\/p>\n<p><strong>Tama\u00f1o:<\/strong> 20cm x 14.5cm<\/p>\n<p><strong>P\u00e1ginas:<\/strong> 50<\/p>\n<p><strong>G\u00e9nero Literario:<\/strong> Poes\u00eda<\/p>\n<p><strong>Subg\u00e9nero:<\/strong> La oda<\/p>\n<p><strong>Ciudad:<\/strong> Lima<\/p>\n<p><strong>A\u00f1o:<\/strong> 2015<\/p>\n<p><strong>N\u00fam. de ISBN:<\/strong> 978-612-4114-18-2<\/p>\n","protected":false},"excerpt":{"rendered":"<p>La poes\u00eda se explica por s\u00ed sola. No necesita instrucciones de su autor. No requiere de gu\u00edas textuales, no precisa de definiciones. Tampoco de mapas. El lector es el Gran Deconstructor del texto po\u00e9tico. Este p\u00e1rrafo, por tanto, es solo una nota a pie de p\u00e1gina. O una peque\u00f1a memoria hist\u00f3rica con las precisiones de fechas, tiempos, intereses, signos vitales. Al grano. \u2018Metamorphosis\u2019 se empez\u00f3 a escribir en la segunda mitad de la d\u00e9cada del 90 y un fragmento preliminar apareci\u00f3 en el diario Expreso. Se termin\u00f3 de escribir y corregir a principios del nuevo milenio. Es un ajuste de cuentas con el marxismo, el psicoan\u00e1lisis y el historicismo. \u2018Res perversa\u2019 tiene poemas imaginados en un extra\u00f1\u00edsimo sue\u00f1o; all\u00ed, yo los iba leyendo de unas p\u00e1ginas que presuntamente hab\u00eda escrito. Al despertar, recordaba la mayor\u00eda y los anot\u00e9 en una libreta de un tir\u00f3n; luego los correg\u00ed en el tiempo. Pueden tomarse como el testimonio de una posesi\u00f3n, no s\u00e9 si ang\u00e9lica o demon\u00edaca, pero de seguro de otra entidad. \u2018Este imaginario imperio celeste\u2019 son bocetos de poemas anteriores corregidos a la luz de \u2018Res perversa\u2019 y es la vuelta de tuerca a mi v\u00ednculo con la poes\u00eda. Este libro, de alguna manera, es una obra abierta, un cuerpo diseccionado, las v\u00edsceras expuestas tras una autopsia. Cualquier otra explicaci\u00f3n es riesgo del lector y obra suya. Yo me atrinchero en este par\u00e1grafo, con una cuchilla en la mano y el coraz\u00f3n dando saltos. ENRIQUE S\u00c1NCHEZ HERNANI<\/p>\n","protected":false},"featured_media":183,"comment_status":"open","ping_status":"closed","template":"","meta":[],"product_brand":[],"product_cat":[29],"product_tag":[30],"class_list":{"0":"post-182","1":"product","2":"type-product","3":"status-publish","4":"has-post-thumbnail","6":"product_cat-poesia","7":"product_tag-poesia","9":"first","10":"instock","11":"purchasable","12":"product-type-simple"},"_links":{"self":[{"href":"https:\/\/borradoreditores.com\/web\/wp-json\/wp\/v2\/product\/182","targetHints":{"allow":["GET"]}}],"collection":[{"href":"https:\/\/borradoreditores.com\/web\/wp-json\/wp\/v2\/product"}],"about":[{"href":"https:\/\/borradoreditores.com\/web\/wp-json\/wp\/v2\/types\/product"}],"replies":[{"embeddable":true,"href":"https:\/\/borradoreditores.com\/web\/wp-json\/wp\/v2\/comments?post=182"}],"version-history":[{"count":3,"href":"https:\/\/borradoreditores.com\/web\/wp-json\/wp\/v2\/product\/182\/revisions"}],"predecessor-version":[{"id":1460,"href":"https:\/\/borradoreditores.com\/web\/wp-json\/wp\/v2\/product\/182\/revisions\/1460"}],"wp:featuredmedia":[{"embeddable":true,"href":"https:\/\/borradoreditores.com\/web\/wp-json\/wp\/v2\/media\/183"}],"wp:attachment":[{"href":"https:\/\/borradoreditores.com\/web\/wp-json\/wp\/v2\/media?parent=182"}],"wp:term":[{"taxonomy":"product_brand","embeddable":true,"href":"https:\/\/borradoreditores.com\/web\/wp-json\/wp\/v2\/product_brand?post=182"},{"taxonomy":"product_cat","embeddable":true,"href":"https:\/\/borradoreditores.com\/web\/wp-json\/wp\/v2\/product_cat?post=182"},{"taxonomy":"product_tag","embeddable":true,"href":"https:\/\/borradoreditores.com\/web\/wp-json\/wp\/v2\/product_tag?post=182"}],"curies":[{"name":"wp","href":"https:\/\/api.w.org\/{rel}","templated":true}]}}