{"id":164,"date":"2021-04-18T23:26:24","date_gmt":"2021-04-18T23:26:24","guid":{"rendered":"http:\/\/borradoreditores.com\/web\/?post_type=product&#038;p=164"},"modified":"2024-05-21T18:16:59","modified_gmt":"2024-05-21T18:16:59","slug":"peste-odio-y-voluntad","status":"publish","type":"product","link":"https:\/\/borradoreditores.com\/web\/producto\/peste-odio-y-voluntad\/","title":{"rendered":"Peste, Odio y Voluntad"},"content":{"rendered":"<p><strong>Autor: <\/strong>Adri\u00e1n Del Aguila<\/p>\n<p><strong>Colecci\u00f3n tem\u00e1tica: <\/strong>Literatura peruana<\/p>\n<p><strong>Tama\u00f1o:<\/strong> 20 x 14.5<\/p>\n<p><strong>P\u00e1ginas:<\/strong> 58<\/p>\n<p><strong>G\u00e9nero Literario:<\/strong> Narrativa<\/p>\n<p><strong>Subg\u00e9nero: <\/strong>Cantar de gesta<\/p>\n<p><strong>Ciudad:<\/strong> Lima<\/p>\n<p><strong>A\u00f1o:<\/strong> 2021<\/p>\n<p><strong>N\u00fam. de ISBN: <\/strong>978-612-4114-32-8<\/p>\n","protected":false},"excerpt":{"rendered":"<p>La emancipaci\u00f3n como desprecio, n\u00e1usea y visceralidad. Cualquier disposici\u00f3n firmemente emancipatoria convoca una cierta configuraci\u00f3n de la voluntad; la cr\u00edtica misma \u2014parafraseando a Nietzsche\u2014 es un \u00f3rgano del cuerpo, un \u00f3rgano de la voluntad. La cuesti\u00f3n es palpable en coyunturas revolucionarias. No estamos viviendo nada que se acerque a algo semejante a una revoluci\u00f3n, y sin embargo es claro que entre nosotros \u201cla peste\u201d todo lo configura, todo lo enferma. Ante ello, el punto de vista de la civilidad ser\u00e1 siempre el llamado al di\u00e1logo, al consenso, a la discusi\u00f3n razonada. Su contraparte es el adocenamiento de las pasiones, la cultura de paz, la presunci\u00f3n de que lo enfermo se sana solo, que al final llega el remanso, aunque esa pr\u00e9dica no sea sino la sagacidad desde la que se delinea la peor opresi\u00f3n, la que somete al esp\u00edritu creador. Se embellece a esta cultura y se le llama democracia, derechos, igualdad, vida. Su verdad, en realidad, es la muerte de la voluntad. Y la suerte de esa voluntad quiz\u00e1 solo pueda definirse seg\u00fan su capacidad de asumir \u201cla hora del Gran Desprecio\u201d (Zaratustra dixit). Eso que debi\u00e9ramos ense\u00f1ar a los ni\u00f1os en lugar de ense\u00f1arles a usar tarjetas de cr\u00e9dito. El texto de Adri\u00e1n va sobre este asunto: sobre la necesidad del odio como apuesta creadora frente a las adoraciones de esa peste en la que somos y que es voluntad de muerte.<\/p>\n","protected":false},"featured_media":165,"comment_status":"open","ping_status":"closed","template":"","meta":[],"product_brand":[],"product_cat":[38],"product_tag":[39],"class_list":{"0":"post-164","1":"product","2":"type-product","3":"status-publish","4":"has-post-thumbnail","6":"product_cat-cantar-de-gesta","7":"product_tag-cantar-de-gesta","9":"first","10":"instock","11":"purchasable","12":"product-type-simple"},"_links":{"self":[{"href":"https:\/\/borradoreditores.com\/web\/wp-json\/wp\/v2\/product\/164","targetHints":{"allow":["GET"]}}],"collection":[{"href":"https:\/\/borradoreditores.com\/web\/wp-json\/wp\/v2\/product"}],"about":[{"href":"https:\/\/borradoreditores.com\/web\/wp-json\/wp\/v2\/types\/product"}],"replies":[{"embeddable":true,"href":"https:\/\/borradoreditores.com\/web\/wp-json\/wp\/v2\/comments?post=164"}],"version-history":[{"count":2,"href":"https:\/\/borradoreditores.com\/web\/wp-json\/wp\/v2\/product\/164\/revisions"}],"predecessor-version":[{"id":1455,"href":"https:\/\/borradoreditores.com\/web\/wp-json\/wp\/v2\/product\/164\/revisions\/1455"}],"wp:featuredmedia":[{"embeddable":true,"href":"https:\/\/borradoreditores.com\/web\/wp-json\/wp\/v2\/media\/165"}],"wp:attachment":[{"href":"https:\/\/borradoreditores.com\/web\/wp-json\/wp\/v2\/media?parent=164"}],"wp:term":[{"taxonomy":"product_brand","embeddable":true,"href":"https:\/\/borradoreditores.com\/web\/wp-json\/wp\/v2\/product_brand?post=164"},{"taxonomy":"product_cat","embeddable":true,"href":"https:\/\/borradoreditores.com\/web\/wp-json\/wp\/v2\/product_cat?post=164"},{"taxonomy":"product_tag","embeddable":true,"href":"https:\/\/borradoreditores.com\/web\/wp-json\/wp\/v2\/product_tag?post=164"}],"curies":[{"name":"wp","href":"https:\/\/api.w.org\/{rel}","templated":true}]}}