{"id":42,"date":"2020-05-26T10:30:22","date_gmt":"2020-05-26T10:30:22","guid":{"rendered":"http:\/\/borradoreditores.com\/web\/about-us\/"},"modified":"2024-04-05T21:30:04","modified_gmt":"2024-04-05T21:30:04","slug":"about-us-2","status":"publish","type":"page","link":"https:\/\/borradoreditores.com\/web\/about-us-2\/","title":{"rendered":"About Us"},"content":{"rendered":"\t\t<div data-elementor-type=\"wp-page\" data-elementor-id=\"42\" class=\"elementor elementor-42\">\n\t\t\t\t\t\t<section class=\"elementor-section elementor-top-section elementor-element elementor-element-4aae4e4 elementor-section-boxed elementor-section-height-default elementor-section-height-default sc_fly_static\" data-id=\"4aae4e4\" data-element_type=\"section\" data-e-type=\"section\">\n\t\t\t\t\t\t<div class=\"elementor-container elementor-column-gap-extended\">\n\t\t\t\t\t<div class=\"elementor-column elementor-col-100 elementor-top-column elementor-element elementor-element-da3d838 sc_inner_width_none sc_content_align_inherit sc_layouts_column_icons_position_left sc_fly_static\" data-id=\"da3d838\" data-element_type=\"column\" data-e-type=\"column\">\n\t\t\t<div class=\"elementor-widget-wrap\">\n\t\t\t\t\t\t\t<\/div>\n\t\t<\/div>\n\t\t\t\t\t<\/div>\n\t\t<\/section>\n\t\t\t\t<section class=\"elementor-section elementor-top-section elementor-element elementor-element-29ebf7e elementor-section-boxed elementor-section-height-default elementor-section-height-default sc_fly_static\" data-id=\"29ebf7e\" data-element_type=\"section\" data-e-type=\"section\">\n\t\t\t\t\t\t<div class=\"elementor-container elementor-column-gap-extended\">\n\t\t\t\t\t<div class=\"elementor-column elementor-col-100 elementor-top-column elementor-element elementor-element-1d863e9 sc_inner_width_none sc_content_align_inherit sc_layouts_column_icons_position_left sc_fly_static\" data-id=\"1d863e9\" data-element_type=\"column\" data-e-type=\"column\">\n\t\t\t<div class=\"elementor-widget-wrap\">\n\t\t\t\t\t\t\t<\/div>\n\t\t<\/div>\n\t\t\t\t\t<\/div>\n\t\t<\/section>\n\t\t\t\t<section class=\"elementor-section elementor-top-section elementor-element elementor-element-a552475 elementor-section-boxed elementor-section-height-default elementor-section-height-default sc_fly_static\" data-id=\"a552475\" data-element_type=\"section\" data-e-type=\"section\" data-settings=\"{&quot;background_background&quot;:&quot;classic&quot;}\">\n\t\t\t\t\t\t<div class=\"elementor-container elementor-column-gap-extended\">\n\t\t\t\t\t<div class=\"elementor-column elementor-col-100 elementor-top-column elementor-element elementor-element-cc5eee3 sc_layouts_column_align_center sc_layouts_column sc_inner_width_none sc_content_align_inherit sc_layouts_column_icons_position_left sc_fly_static\" data-id=\"cc5eee3\" data-element_type=\"column\" data-e-type=\"column\">\n\t\t\t<div class=\"elementor-widget-wrap elementor-element-populated\">\n\t\t\t\t\t\t<section class=\"elementor-section elementor-inner-section elementor-element elementor-element-660be48 elementor-section-boxed elementor-section-height-default elementor-section-height-default sc_fly_static\" data-id=\"660be48\" data-element_type=\"section\" data-e-type=\"section\" data-settings=\"{&quot;background_background&quot;:&quot;classic&quot;}\">\n\t\t\t\t\t\t<div class=\"elementor-container elementor-column-gap-extended\">\n\t\t\t\t\t<div class=\"elementor-column elementor-col-100 elementor-inner-column elementor-element elementor-element-2f188c7 sc_inner_width_none sc_content_align_inherit sc_layouts_column_icons_position_left sc_fly_static\" data-id=\"2f188c7\" data-element_type=\"column\" data-e-type=\"column\">\n\t\t\t<div class=\"elementor-widget-wrap elementor-element-populated\">\n\t\t\t\t\t\t<div class=\"elementor-element elementor-element-633568c sc_fly_static elementor-widget elementor-widget-trx_sc_title\" data-id=\"633568c\" data-element_type=\"widget\" data-e-type=\"widget\" data-widget_type=\"trx_sc_title.default\">\n\t\t\t\t<div class=\"elementor-widget-container\">\n\t\t\t\t\t<div\t\tclass=\"sc_title sc_title_accent\" ><span class=\"sc_item_subtitle sc_title_subtitle sc_align_center sc_item_subtitle_above sc_item_title_style_accent\">Nosotros<\/span><h1 class=\"sc_item_title sc_title_title sc_align_center sc_item_title_style_accent sc_item_title_tag\"\n\t\t\t><span class=\"sc_item_title_text\">Borrador Editores<\/span><\/h1><div class=\"sc_item_descr sc_title_descr sc_align_center\"><p>Un servicio editorial no se solicita exclusivamente para libros o revistas que vayan a ser exhibidos en una librer\u00eda o una plataforma digital; hay, por ejemplo, artistas y creadores que deciden dar una muestra de su obra mediante publicaciones impresas o digitales (como un fotolibro o un libro \u00e1lbum); o, al interior de una empresa, organizaci\u00f3n o evento, puede haber documentos cuya comunicaci\u00f3n debe ser f\u00e1cil de entender por parte de todos los empleados o clientes. Para estos y otros tantos ejemplos tambi\u00e9n son necesarios los servicios editoriales.<\/p>\n<\/div><\/div>\t\t\t\t<\/div>\n\t\t\t\t<\/div>\n\t\t\t\t<div class=\"elementor-element elementor-element-5a5a651 sc_height_tiny sc_fly_static elementor-widget elementor-widget-spacer\" data-id=\"5a5a651\" data-element_type=\"widget\" data-e-type=\"widget\" data-widget_type=\"spacer.default\">\n\t\t\t\t<div class=\"elementor-widget-container\">\n\t\t\t\t\t\t\t<div class=\"elementor-spacer\">\n\t\t\t<div class=\"elementor-spacer-inner\"><\/div>\n\t\t<\/div>\n\t\t\t\t\t\t<\/div>\n\t\t\t\t<\/div>\n\t\t\t\t<div class=\"elementor-element elementor-element-786a619 elementor-widget-divider--view-line sc_fly_static elementor-widget elementor-widget-divider\" data-id=\"786a619\" data-element_type=\"widget\" data-e-type=\"widget\" data-widget_type=\"divider.default\">\n\t\t\t\t<div class=\"elementor-widget-container\">\n\t\t\t\t\t\t\t<div class=\"elementor-divider\">\n\t\t\t<span class=\"elementor-divider-separator\">\n\t\t\t\t\t\t<\/span>\n\t\t<\/div>\n\t\t\t\t\t\t<\/div>\n\t\t\t\t<\/div>\n\t\t\t\t<div class=\"elementor-element elementor-element-67f599b sc_fly_static elementor-widget elementor-widget-text-editor\" data-id=\"67f599b\" data-element_type=\"widget\" data-e-type=\"widget\" data-widget_type=\"text-editor.default\">\n\t\t\t\t<div class=\"elementor-widget-container\">\n\t\t\t\t\t\t\t\t\t<h4><strong>\u00a0<\/strong><strong style=\"color: var(--theme-color-text_dark); font-family: 'Playfair Display', serif; font-size: 28px; font-style: normal; letter-spacing: 0px; background-color: var(--theme-color-bg_color);\">Nuestro equipo\u00a0<\/strong><\/h4><p><strong><span style=\"color: #333399;\">\u2022\u00a0 Salom\u00f3n Senepo<\/span><\/strong>\u00a0Gerente y Director de Publicaciones\u00a0 \u00a0<strong style=\"font-family: Roboto, sans-serif; font-size: 17px; font-style: normal; background-color: var(--theme-color-bg_color); color: var(--theme-color-text);\"><span style=\"font-size: 17px; color: #333399;\">\u2022\u00a0 <\/span><\/strong><strong style=\"font-size: 17px; color: var(--theme-color-text); background-color: var(--theme-color-bg_color);\"><span style=\"color: #333399;\">Yessica Herrada<\/span><\/strong><span style=\"font-size: 17px; color: var(--theme-color-text); background-color: var(--theme-color-bg_color);\"> Asesora de proyectos editoriales\u00a0\u00a0<\/span><strong style=\"font-family: Roboto, sans-serif; font-size: 17px; font-style: normal; background-color: var(--theme-color-bg_color); color: var(--theme-color-text);\"><span style=\"font-size: 17px; color: #333399;\">\u2022\u00a0<\/span><\/strong><span style=\"font-size: 17px; color: var(--theme-color-text); background-color: var(--theme-color-bg_color);\">\u00a0<\/span><strong style=\"font-size: 17px; color: var(--theme-color-text); background-color: var(--theme-color-bg_color);\"><span style=\"color: #333399;\">F\u00e9lix \u00c1lvarez<\/span><\/strong><span style=\"font-size: 17px; color: var(--theme-color-text); background-color: var(--theme-color-bg_color);\">\u00a0Asesor de artes y contenidos<\/span><\/p>\t\t\t\t\t\t\t\t<\/div>\n\t\t\t\t<\/div>\n\t\t\t\t<div class=\"elementor-element elementor-element-bde4561 elementor-widget-divider--view-line sc_fly_static elementor-widget elementor-widget-divider\" data-id=\"bde4561\" data-element_type=\"widget\" data-e-type=\"widget\" data-widget_type=\"divider.default\">\n\t\t\t\t<div class=\"elementor-widget-container\">\n\t\t\t\t\t\t\t<div class=\"elementor-divider\">\n\t\t\t<span class=\"elementor-divider-separator\">\n\t\t\t\t\t\t<\/span>\n\t\t<\/div>\n\t\t\t\t\t\t<\/div>\n\t\t\t\t<\/div>\n\t\t\t\t\t<\/div>\n\t\t<\/div>\n\t\t\t\t\t<\/div>\n\t\t<\/section>\n\t\t\t\t\t<\/div>\n\t\t<\/div>\n\t\t\t\t\t<\/div>\n\t\t<\/section>\n\t\t\t\t<section class=\"elementor-section elementor-top-section elementor-element elementor-element-0d7cbb4 elementor-section-boxed elementor-section-height-default elementor-section-height-default sc_fly_static\" data-id=\"0d7cbb4\" data-element_type=\"section\" data-e-type=\"section\">\n\t\t\t\t\t\t<div class=\"elementor-container elementor-column-gap-extended\">\n\t\t\t\t\t<div class=\"elementor-column elementor-col-100 elementor-top-column elementor-element elementor-element-e33adff sc_content_align_center sc_layouts_column_align_center sc_layouts_column sc_inner_width_none sc_layouts_column_icons_position_left sc_fly_static\" data-id=\"e33adff\" data-element_type=\"column\" data-e-type=\"column\">\n\t\t\t<div class=\"elementor-widget-wrap elementor-element-populated\">\n\t\t\t\t\t\t<div class=\"elementor-element elementor-element-b0c3bbd elementor-widget__width-inherit sc_fly_static elementor-widget elementor-widget-trx_sc_team\" data-id=\"b0c3bbd\" data-element_type=\"widget\" data-e-type=\"widget\" data-widget_type=\"trx_sc_team.default\">\n\t\t\t\t<div class=\"elementor-widget-container\">\n\t\t\t\t\t<div \t\tclass=\"sc_team sc_team_short\"><div class=\"sc_team_columns_wrap sc_item_columns sc_item_posts_container trx_addons_columns_wrap columns_padding_bottom columns_in_single_row\"><div class=\"trx_addons_column-1_3\"><div data-post-id=\"1119\" class=\"sc_team_item sc_item_container post_container no_links post-1119 cpt_team type-cpt_team status-publish has-post-thumbnail hentry\">\r\n\t<div class=\"post_featured sc_team_item_thumb trx_addons_hover trx_addons_hover_style_info_anim\"><img decoding=\"async\" width=\"200\" height=\"211\" src=\"https:\/\/borradoreditores.com\/web\/wp-content\/uploads\/2024\/04\/salomon-senepo.png\" class=\"attachment-booklovers-thumb-rectangle size-booklovers-thumb-rectangle wp-post-image\" alt=\"\" \/><a class=\"post_link sc_team_item_link\" href=\"\"><\/a><div class=\"trx_addons_hover_mask\"><\/div><\/div>\t<div class=\"sc_team_item_info\">\r\n\t\t<div class=\"sc_team_item_header\">\r\n\t\t\t<h4 class=\"sc_team_item_title entry-title\">Salomon Senepo<\/h4>\r\n\t\t\t\t\t<\/div>\r\n\t<\/div>\r\n<\/div>\r\n<\/div><div class=\"trx_addons_column-1_3\"><div data-post-id=\"1121\" class=\"sc_team_item sc_item_container post_container no_links post-1121 cpt_team type-cpt_team status-publish has-post-thumbnail hentry\">\r\n\t<div class=\"post_featured sc_team_item_thumb trx_addons_hover trx_addons_hover_style_info_anim\"><img decoding=\"async\" width=\"200\" height=\"211\" src=\"https:\/\/borradoreditores.com\/web\/wp-content\/uploads\/2024\/04\/yessica-herrada.png\" class=\"attachment-booklovers-thumb-rectangle size-booklovers-thumb-rectangle wp-post-image\" alt=\"\" \/><a class=\"post_link sc_team_item_link\" href=\"\"><\/a><div class=\"trx_addons_hover_mask\"><\/div><\/div>\t<div class=\"sc_team_item_info\">\r\n\t\t<div class=\"sc_team_item_header\">\r\n\t\t\t<h4 class=\"sc_team_item_title entry-title\">Yessica Herrada<\/h4>\r\n\t\t\t\t\t<\/div>\r\n\t<\/div>\r\n<\/div>\r\n<\/div><div class=\"trx_addons_column-1_3\"><div data-post-id=\"1147\" class=\"sc_team_item sc_item_container post_container no_links post-1147 cpt_team type-cpt_team status-publish has-post-thumbnail hentry\">\r\n\t<div class=\"post_featured sc_team_item_thumb trx_addons_hover trx_addons_hover_style_info_anim\"><img decoding=\"async\" width=\"200\" height=\"211\" src=\"https:\/\/borradoreditores.com\/web\/wp-content\/uploads\/2024\/04\/felix-alvarez.png\" class=\"attachment-booklovers-thumb-rectangle size-booklovers-thumb-rectangle wp-post-image\" alt=\"\" \/><a class=\"post_link sc_team_item_link\" href=\"\"><\/a><div class=\"trx_addons_hover_mask\"><\/div><\/div>\t<div class=\"sc_team_item_info\">\r\n\t\t<div class=\"sc_team_item_header\">\r\n\t\t\t<h4 class=\"sc_team_item_title entry-title\">F\u00e9lix \u00c1lvarez\u00a0<\/h4>\r\n\t\t\t\t\t<\/div>\r\n\t<\/div>\r\n<\/div>\r\n<\/div><\/div><\/div>\t\t\t\t<\/div>\n\t\t\t\t<\/div>\n\t\t\t\t\t<\/div>\n\t\t<\/div>\n\t\t\t\t\t<\/div>\n\t\t<\/section>\n\t\t\t\t<section class=\"elementor-section elementor-top-section elementor-element elementor-element-e6bf122 scheme_default elementor-section-boxed elementor-section-height-default elementor-section-height-default sc_fly_static\" data-id=\"e6bf122\" data-element_type=\"section\" data-e-type=\"section\" data-settings=\"{&quot;background_background&quot;:&quot;classic&quot;}\">\n\t\t\t\t\t\t<div class=\"elementor-container elementor-column-gap-extended\">\n\t\t\t\t\t<div class=\"elementor-column elementor-col-100 elementor-top-column elementor-element elementor-element-c0adf7a sc_inner_width_none sc_content_align_inherit sc_layouts_column_icons_position_left sc_fly_static\" data-id=\"c0adf7a\" data-element_type=\"column\" data-e-type=\"column\">\n\t\t\t<div class=\"elementor-widget-wrap elementor-element-populated\">\n\t\t\t\t\t\t<div class=\"elementor-element elementor-element-d022e19 elementor-widget-divider--view-line sc_fly_static elementor-widget elementor-widget-divider\" data-id=\"d022e19\" data-element_type=\"widget\" data-e-type=\"widget\" data-widget_type=\"divider.default\">\n\t\t\t\t<div class=\"elementor-widget-container\">\n\t\t\t\t\t\t\t<div class=\"elementor-divider\">\n\t\t\t<span class=\"elementor-divider-separator\">\n\t\t\t\t\t\t<\/span>\n\t\t<\/div>\n\t\t\t\t\t\t<\/div>\n\t\t\t\t<\/div>\n\t\t\t\t\t<\/div>\n\t\t<\/div>\n\t\t\t\t\t<\/div>\n\t\t<\/section>\n\t\t\t\t<\/div>\n\t\t","protected":false},"excerpt":{"rendered":"<p>Nosotros Borrador Editores Un servicio editorial no se solicita exclusivamente para libros o revistas que vayan a ser exhibidos en una librer\u00eda o una plataforma digital; hay, por ejemplo, artistas&hellip;<\/p>\n","protected":false},"author":1,"featured_media":0,"parent":0,"menu_order":0,"comment_status":"closed","ping_status":"closed","template":"","meta":{"footnotes":""},"class_list":["post-42","page","type-page","status-publish","hentry"],"_links":{"self":[{"href":"https:\/\/borradoreditores.com\/web\/wp-json\/wp\/v2\/pages\/42","targetHints":{"allow":["GET"]}}],"collection":[{"href":"https:\/\/borradoreditores.com\/web\/wp-json\/wp\/v2\/pages"}],"about":[{"href":"https:\/\/borradoreditores.com\/web\/wp-json\/wp\/v2\/types\/page"}],"author":[{"embeddable":true,"href":"https:\/\/borradoreditores.com\/web\/wp-json\/wp\/v2\/users\/1"}],"replies":[{"embeddable":true,"href":"https:\/\/borradoreditores.com\/web\/wp-json\/wp\/v2\/comments?post=42"}],"version-history":[{"count":132,"href":"https:\/\/borradoreditores.com\/web\/wp-json\/wp\/v2\/pages\/42\/revisions"}],"predecessor-version":[{"id":1220,"href":"https:\/\/borradoreditores.com\/web\/wp-json\/wp\/v2\/pages\/42\/revisions\/1220"}],"wp:attachment":[{"href":"https:\/\/borradoreditores.com\/web\/wp-json\/wp\/v2\/media?parent=42"}],"curies":[{"name":"wp","href":"https:\/\/api.w.org\/{rel}","templated":true}]}}