{"id":1283,"date":"2024-04-09T04:11:12","date_gmt":"2024-04-09T04:11:12","guid":{"rendered":"https:\/\/borradoreditores.com\/web\/?page_id=1283"},"modified":"2024-04-09T21:35:51","modified_gmt":"2024-04-09T21:35:51","slug":"cuidado-editorial","status":"publish","type":"page","link":"https:\/\/borradoreditores.com\/web\/cuidado-editorial\/","title":{"rendered":"Cuidado editorial"},"content":{"rendered":"\t\t<div data-elementor-type=\"wp-page\" data-elementor-id=\"1283\" class=\"elementor elementor-1283\">\n\t\t\t\t\t\t<section class=\"elementor-section elementor-top-section elementor-element elementor-element-3b32c9e elementor-section-boxed elementor-section-height-default elementor-section-height-default sc_fly_static\" data-id=\"3b32c9e\" data-element_type=\"section\" data-e-type=\"section\">\n\t\t\t\t\t\t<div class=\"elementor-container elementor-column-gap-extended\">\n\t\t\t\t\t<div class=\"elementor-column elementor-col-100 elementor-top-column elementor-element elementor-element-ab7d044 sc_inner_width_1_2 sc_content_align_inherit sc_layouts_column_icons_position_left sc_fly_static\" data-id=\"ab7d044\" data-element_type=\"column\" data-e-type=\"column\">\n\t\t\t<div class=\"elementor-widget-wrap elementor-element-populated\">\n\t\t\t\t\t\t<div class=\"elementor-element elementor-element-62cfd00 sc_fly_static elementor-widget elementor-widget-text-editor\" data-id=\"62cfd00\" data-element_type=\"widget\" data-e-type=\"widget\" data-widget_type=\"text-editor.default\">\n\t\t\t\t<div class=\"elementor-widget-container\">\n\t\t\t\t\t\t\t\t\t<h1><strong>Cuidado editorial<\/strong><\/h1><p>No todo texto es perfecto inmediatamente despu\u00e9s de ser escrito. Incluso el m\u00e1s experto de los escritores necesita volver a leer eso que acaba de expresar en palabras para enmendar aquellos posibles errores de tipeo o sentido. Esta es una labor en la que conviene apoyarse en un profesional que sea capaz de ver desde una perspectiva m\u00e1s objetiva ese manuscrito.<\/p>\t\t\t\t\t\t\t\t<\/div>\n\t\t\t\t<\/div>\n\t\t\t\t\t<\/div>\n\t\t<\/div>\n\t\t\t\t\t<\/div>\n\t\t<\/section>\n\t\t\t\t<section class=\"elementor-section elementor-top-section elementor-element elementor-element-712c2a5 elementor-section-boxed elementor-section-height-default elementor-section-height-default sc_fly_static\" data-id=\"712c2a5\" data-element_type=\"section\" data-e-type=\"section\">\n\t\t\t\t\t\t<div class=\"elementor-container elementor-column-gap-extended\">\n\t\t\t\t\t<div class=\"elementor-column elementor-col-100 elementor-top-column elementor-element elementor-element-b780eb0 sc_inner_width_1_2 sc_content_align_inherit sc_layouts_column_icons_position_left sc_fly_static\" data-id=\"b780eb0\" data-element_type=\"column\" data-e-type=\"column\">\n\t\t\t<div class=\"elementor-widget-wrap elementor-element-populated\">\n\t\t\t\t\t\t<div class=\"elementor-element elementor-element-b123de0 sc_fly_static elementor-widget elementor-widget-trx_sc_testimonials\" data-id=\"b123de0\" data-element_type=\"widget\" data-e-type=\"widget\" data-widget_type=\"trx_sc_testimonials.default\">\n\t\t\t\t<div class=\"elementor-widget-container\">\n\t\t\t\t\t<div \t\tclass=\"sc_testimonials sc_testimonials_classic\"><div class=\"sc_testimonials_columns_wrap sc_item_columns trx_addons_columns_wrap columns_padding_bottom columns_in_single_row\"><div class=\"trx_addons_column-1_2\"><div data-post-id=\"1242\" class=\"sc_testimonials_item sc_item_container post_container\">\r\n\t<div class=\"sc_testimonials_item_content\"><p>Borrador editores me ayud\u00f3 y me acompa\u00f1\u00f3 en todo el proceso<\/p>\n<\/div>\r\n\t<div class=\"sc_testimonials_item_author\">\r\n\t\t<div class=\"sc_testimonials_item_author_data\">\r\n\t\t\t<h4 class=\"sc_testimonials_item_author_title\">Armando Carreteros, autor de &#8220;Las bestias&#8221;<\/h4>\r\n            <div class=\"sc_testimonials_item_author_rating\"><span class=\"sc_testimonials_rating\">\n\t\t\t<span class=\"sc_testimonials_rating_stars\">\n\t\t\t\t<span class=\"sc_testimonials_rating_stars_default\"><span class=\"sc_testimonials_rating_star trx_addons_icon-star\"><\/span><span class=\"sc_testimonials_rating_star trx_addons_icon-star\"><\/span><span class=\"sc_testimonials_rating_star trx_addons_icon-star\"><\/span><span class=\"sc_testimonials_rating_star trx_addons_icon-star\"><\/span><span class=\"sc_testimonials_rating_star trx_addons_icon-star\"><\/span><\/span><span class=\"sc_testimonials_rating_stars_hover\" style=\"width:100%;\"><span class=\"sc_testimonials_rating_star trx_addons_icon-star\"><\/span><span class=\"sc_testimonials_rating_star trx_addons_icon-star\"><\/span><span class=\"sc_testimonials_rating_star trx_addons_icon-star\"><\/span><span class=\"sc_testimonials_rating_star trx_addons_icon-star\"><\/span><span class=\"sc_testimonials_rating_star trx_addons_icon-star\"><\/span><\/span>\n\t\t\t<\/span>\n\t\t<\/span><\/div>\t\t<\/div>\r\n\t<\/div>\r\n<\/div>\r\n<\/div><div class=\"trx_addons_column-1_2\"><div data-post-id=\"1253\" class=\"sc_testimonials_item sc_item_container post_container\">\r\n\t<div class=\"sc_testimonials_item_content\"><p>Hace a\u00f1os que quer\u00eda publicar mi libro pero no ten\u00eda idea del proceso. Borrador editores me asesor\u00f3 en todo el proceso y por fin pude publicar<\/p>\n<\/div>\r\n\t<div class=\"sc_testimonials_item_author\">\r\n\t\t<div class=\"sc_testimonials_item_author_data\">\r\n\t\t\t<h4 class=\"sc_testimonials_item_author_title\">Alex Almeida, autor de &#8220;Los inconformes del pedestal&#8221;<\/h4>\r\n            <div class=\"sc_testimonials_item_author_rating\"><span class=\"sc_testimonials_rating\">\n\t\t\t<span class=\"sc_testimonials_rating_stars\">\n\t\t\t\t<span class=\"sc_testimonials_rating_stars_default\"><span class=\"sc_testimonials_rating_star trx_addons_icon-star\"><\/span><span class=\"sc_testimonials_rating_star trx_addons_icon-star\"><\/span><span class=\"sc_testimonials_rating_star trx_addons_icon-star\"><\/span><span class=\"sc_testimonials_rating_star trx_addons_icon-star\"><\/span><span class=\"sc_testimonials_rating_star trx_addons_icon-star\"><\/span><\/span><span class=\"sc_testimonials_rating_stars_hover\" style=\"width:100%;\"><span class=\"sc_testimonials_rating_star trx_addons_icon-star\"><\/span><span class=\"sc_testimonials_rating_star trx_addons_icon-star\"><\/span><span class=\"sc_testimonials_rating_star trx_addons_icon-star\"><\/span><span class=\"sc_testimonials_rating_star trx_addons_icon-star\"><\/span><span class=\"sc_testimonials_rating_star trx_addons_icon-star\"><\/span><\/span>\n\t\t\t<\/span>\n\t\t<\/span><\/div>\t\t<\/div>\r\n\t<\/div>\r\n<\/div>\r\n<\/div><\/div><\/div><!-- \/.sc_testimonials -->\t\t\t\t<\/div>\n\t\t\t\t<\/div>\n\t\t\t\t\t<\/div>\n\t\t<\/div>\n\t\t\t\t\t<\/div>\n\t\t<\/section>\n\t\t\t\t<\/div>\n\t\t","protected":false},"excerpt":{"rendered":"<p>Cuidado editorial No todo texto es perfecto inmediatamente despu\u00e9s de ser escrito. Incluso el m\u00e1s experto de los escritores necesita volver a leer eso que acaba de expresar en palabras&hellip;<\/p>\n","protected":false},"author":1,"featured_media":1339,"parent":0,"menu_order":0,"comment_status":"closed","ping_status":"closed","template":"","meta":{"footnotes":""},"class_list":["post-1283","page","type-page","status-publish","has-post-thumbnail","hentry"],"_links":{"self":[{"href":"https:\/\/borradoreditores.com\/web\/wp-json\/wp\/v2\/pages\/1283","targetHints":{"allow":["GET"]}}],"collection":[{"href":"https:\/\/borradoreditores.com\/web\/wp-json\/wp\/v2\/pages"}],"about":[{"href":"https:\/\/borradoreditores.com\/web\/wp-json\/wp\/v2\/types\/page"}],"author":[{"embeddable":true,"href":"https:\/\/borradoreditores.com\/web\/wp-json\/wp\/v2\/users\/1"}],"replies":[{"embeddable":true,"href":"https:\/\/borradoreditores.com\/web\/wp-json\/wp\/v2\/comments?post=1283"}],"version-history":[{"count":4,"href":"https:\/\/borradoreditores.com\/web\/wp-json\/wp\/v2\/pages\/1283\/revisions"}],"predecessor-version":[{"id":1289,"href":"https:\/\/borradoreditores.com\/web\/wp-json\/wp\/v2\/pages\/1283\/revisions\/1289"}],"wp:featuredmedia":[{"embeddable":true,"href":"https:\/\/borradoreditores.com\/web\/wp-json\/wp\/v2\/media\/1339"}],"wp:attachment":[{"href":"https:\/\/borradoreditores.com\/web\/wp-json\/wp\/v2\/media?parent=1283"}],"curies":[{"name":"wp","href":"https:\/\/api.w.org\/{rel}","templated":true}]}}