{"id":1277,"date":"2024-04-09T04:04:52","date_gmt":"2024-04-09T04:04:52","guid":{"rendered":"https:\/\/borradoreditores.com\/web\/?page_id=1277"},"modified":"2024-04-09T21:36:58","modified_gmt":"2024-04-09T21:36:58","slug":"diseno-diagramacion-e-ilustracion","status":"publish","type":"page","link":"https:\/\/borradoreditores.com\/web\/diseno-diagramacion-e-ilustracion\/","title":{"rendered":"Dise\u00f1o diagramaci\u00f3n e ilustraci\u00f3n"},"content":{"rendered":"\t\t<div data-elementor-type=\"wp-page\" data-elementor-id=\"1277\" class=\"elementor elementor-1277\">\n\t\t\t\t\t\t<section class=\"elementor-section elementor-top-section elementor-element elementor-element-7ca6aef elementor-section-boxed elementor-section-height-default elementor-section-height-default sc_fly_static\" data-id=\"7ca6aef\" data-element_type=\"section\" data-e-type=\"section\">\n\t\t\t\t\t\t<div class=\"elementor-container elementor-column-gap-extended\">\n\t\t\t\t\t<div class=\"elementor-column elementor-col-100 elementor-top-column elementor-element elementor-element-1d7642b sc_inner_width_1_2 sc_content_align_inherit sc_layouts_column_icons_position_left sc_fly_static\" data-id=\"1d7642b\" data-element_type=\"column\" data-e-type=\"column\">\n\t\t\t<div class=\"elementor-widget-wrap elementor-element-populated\">\n\t\t\t\t\t\t<div class=\"elementor-element elementor-element-adacf7b sc_fly_static elementor-widget elementor-widget-text-editor\" data-id=\"adacf7b\" data-element_type=\"widget\" data-e-type=\"widget\" data-widget_type=\"text-editor.default\">\n\t\t\t\t<div class=\"elementor-widget-container\">\n\t\t\t\t\t\t\t\t\t<h1><strong>Dise\u00f1o, diagramaci\u00f3n e ilustraci\u00f3n<\/strong><\/h1><p>Ya sea un libro, un cat\u00e1logo o una revista, ofrecemos un servicio de alta calidad, adecuando fuentes y dise\u00f1os al formato deseado, desde la cubierta hasta la \u00faltima p\u00e1gina.<\/p>\t\t\t\t\t\t\t\t<\/div>\n\t\t\t\t<\/div>\n\t\t\t\t\t<\/div>\n\t\t<\/div>\n\t\t\t\t\t<\/div>\n\t\t<\/section>\n\t\t\t\t<section class=\"elementor-section elementor-top-section elementor-element elementor-element-6a20426 elementor-section-boxed elementor-section-height-default elementor-section-height-default sc_fly_static\" data-id=\"6a20426\" data-element_type=\"section\" data-e-type=\"section\">\n\t\t\t\t\t\t<div class=\"elementor-container elementor-column-gap-extended\">\n\t\t\t\t\t<div class=\"elementor-column elementor-col-100 elementor-top-column elementor-element elementor-element-d23e00c sc_inner_width_1_2 sc_content_align_inherit sc_layouts_column_icons_position_left sc_fly_static\" data-id=\"d23e00c\" data-element_type=\"column\" data-e-type=\"column\">\n\t\t\t<div class=\"elementor-widget-wrap elementor-element-populated\">\n\t\t\t\t\t\t<div class=\"elementor-element elementor-element-8cb9a96 sc_fly_static elementor-widget elementor-widget-trx_sc_testimonials\" data-id=\"8cb9a96\" data-element_type=\"widget\" data-e-type=\"widget\" data-widget_type=\"trx_sc_testimonials.default\">\n\t\t\t\t<div class=\"elementor-widget-container\">\n\t\t\t\t\t<div \t\tclass=\"sc_testimonials sc_testimonials_classic\"><div class=\"sc_testimonials_columns_wrap sc_item_columns trx_addons_columns_wrap columns_padding_bottom columns_in_single_row\"><div class=\"trx_addons_column-1_2\"><div data-post-id=\"1253\" class=\"sc_testimonials_item sc_item_container post_container\">\r\n\t<div class=\"sc_testimonials_item_content\"><p>Hace a\u00f1os que quer\u00eda publicar mi libro pero no ten\u00eda idea del proceso. Borrador editores me asesor\u00f3 en todo el proceso y por fin pude publicar<\/p>\n<\/div>\r\n\t<div class=\"sc_testimonials_item_author\">\r\n\t\t<div class=\"sc_testimonials_item_author_data\">\r\n\t\t\t<h4 class=\"sc_testimonials_item_author_title\">Alex Almeida, autor de &#8220;Los inconformes del pedestal&#8221;<\/h4>\r\n            <div class=\"sc_testimonials_item_author_rating\"><span class=\"sc_testimonials_rating\">\n\t\t\t<span class=\"sc_testimonials_rating_stars\">\n\t\t\t\t<span class=\"sc_testimonials_rating_stars_default\"><span class=\"sc_testimonials_rating_star trx_addons_icon-star\"><\/span><span class=\"sc_testimonials_rating_star trx_addons_icon-star\"><\/span><span class=\"sc_testimonials_rating_star trx_addons_icon-star\"><\/span><span class=\"sc_testimonials_rating_star trx_addons_icon-star\"><\/span><span class=\"sc_testimonials_rating_star trx_addons_icon-star\"><\/span><\/span><span class=\"sc_testimonials_rating_stars_hover\" style=\"width:100%;\"><span class=\"sc_testimonials_rating_star trx_addons_icon-star\"><\/span><span class=\"sc_testimonials_rating_star trx_addons_icon-star\"><\/span><span class=\"sc_testimonials_rating_star trx_addons_icon-star\"><\/span><span class=\"sc_testimonials_rating_star trx_addons_icon-star\"><\/span><span class=\"sc_testimonials_rating_star trx_addons_icon-star\"><\/span><\/span>\n\t\t\t<\/span>\n\t\t<\/span><\/div>\t\t<\/div>\r\n\t<\/div>\r\n<\/div>\r\n<\/div><div class=\"trx_addons_column-1_2\"><div data-post-id=\"1242\" class=\"sc_testimonials_item sc_item_container post_container\">\r\n\t<div class=\"sc_testimonials_item_content\"><p>Borrador editores me ayud\u00f3 y me acompa\u00f1\u00f3 en todo el proceso<\/p>\n<\/div>\r\n\t<div class=\"sc_testimonials_item_author\">\r\n\t\t<div class=\"sc_testimonials_item_author_data\">\r\n\t\t\t<h4 class=\"sc_testimonials_item_author_title\">Armando Carreteros, autor de &#8220;Las bestias&#8221;<\/h4>\r\n            <div class=\"sc_testimonials_item_author_rating\"><span class=\"sc_testimonials_rating\">\n\t\t\t<span class=\"sc_testimonials_rating_stars\">\n\t\t\t\t<span class=\"sc_testimonials_rating_stars_default\"><span class=\"sc_testimonials_rating_star trx_addons_icon-star\"><\/span><span class=\"sc_testimonials_rating_star trx_addons_icon-star\"><\/span><span class=\"sc_testimonials_rating_star trx_addons_icon-star\"><\/span><span class=\"sc_testimonials_rating_star trx_addons_icon-star\"><\/span><span class=\"sc_testimonials_rating_star trx_addons_icon-star\"><\/span><\/span><span class=\"sc_testimonials_rating_stars_hover\" style=\"width:100%;\"><span class=\"sc_testimonials_rating_star trx_addons_icon-star\"><\/span><span class=\"sc_testimonials_rating_star trx_addons_icon-star\"><\/span><span class=\"sc_testimonials_rating_star trx_addons_icon-star\"><\/span><span class=\"sc_testimonials_rating_star trx_addons_icon-star\"><\/span><span class=\"sc_testimonials_rating_star trx_addons_icon-star\"><\/span><\/span>\n\t\t\t<\/span>\n\t\t<\/span><\/div>\t\t<\/div>\r\n\t<\/div>\r\n<\/div>\r\n<\/div><\/div><\/div><!-- \/.sc_testimonials -->\t\t\t\t<\/div>\n\t\t\t\t<\/div>\n\t\t\t\t\t<\/div>\n\t\t<\/div>\n\t\t\t\t\t<\/div>\n\t\t<\/section>\n\t\t\t\t<\/div>\n\t\t","protected":false},"excerpt":{"rendered":"<p>Dise\u00f1o, diagramaci\u00f3n e ilustraci\u00f3n Ya sea un libro, un cat\u00e1logo o una revista, ofrecemos un servicio de alta calidad, adecuando fuentes y dise\u00f1os al formato deseado, desde la cubierta hasta&hellip;<\/p>\n","protected":false},"author":1,"featured_media":1338,"parent":0,"menu_order":0,"comment_status":"closed","ping_status":"closed","template":"","meta":{"footnotes":""},"class_list":["post-1277","page","type-page","status-publish","has-post-thumbnail","hentry"],"_links":{"self":[{"href":"https:\/\/borradoreditores.com\/web\/wp-json\/wp\/v2\/pages\/1277","targetHints":{"allow":["GET"]}}],"collection":[{"href":"https:\/\/borradoreditores.com\/web\/wp-json\/wp\/v2\/pages"}],"about":[{"href":"https:\/\/borradoreditores.com\/web\/wp-json\/wp\/v2\/types\/page"}],"author":[{"embeddable":true,"href":"https:\/\/borradoreditores.com\/web\/wp-json\/wp\/v2\/users\/1"}],"replies":[{"embeddable":true,"href":"https:\/\/borradoreditores.com\/web\/wp-json\/wp\/v2\/comments?post=1277"}],"version-history":[{"count":4,"href":"https:\/\/borradoreditores.com\/web\/wp-json\/wp\/v2\/pages\/1277\/revisions"}],"predecessor-version":[{"id":1281,"href":"https:\/\/borradoreditores.com\/web\/wp-json\/wp\/v2\/pages\/1277\/revisions\/1281"}],"wp:featuredmedia":[{"embeddable":true,"href":"https:\/\/borradoreditores.com\/web\/wp-json\/wp\/v2\/media\/1338"}],"wp:attachment":[{"href":"https:\/\/borradoreditores.com\/web\/wp-json\/wp\/v2\/media?parent=1277"}],"curies":[{"name":"wp","href":"https:\/\/api.w.org\/{rel}","templated":true}]}}