{"id":1270,"date":"2024-04-09T03:54:46","date_gmt":"2024-04-09T03:54:46","guid":{"rendered":"https:\/\/borradoreditores.com\/web\/?page_id=1270"},"modified":"2024-04-09T21:27:44","modified_gmt":"2024-04-09T21:27:44","slug":"edicion-y-creacion-de-contenidos","status":"publish","type":"page","link":"https:\/\/borradoreditores.com\/web\/edicion-y-creacion-de-contenidos\/","title":{"rendered":"Edici\u00f3n y creaci\u00f3n de contenidos"},"content":{"rendered":"\t\t<div data-elementor-type=\"wp-page\" data-elementor-id=\"1270\" class=\"elementor elementor-1270\">\n\t\t\t\t\t\t<section class=\"elementor-section elementor-top-section elementor-element elementor-element-4389abf elementor-section-boxed elementor-section-height-default elementor-section-height-default sc_fly_static\" data-id=\"4389abf\" data-element_type=\"section\" data-e-type=\"section\">\n\t\t\t\t\t\t<div class=\"elementor-container elementor-column-gap-extended\">\n\t\t\t\t\t<div class=\"elementor-column elementor-col-100 elementor-top-column elementor-element elementor-element-4b8f17b sc_inner_width_1_2 sc_content_align_inherit sc_layouts_column_icons_position_left sc_fly_static\" data-id=\"4b8f17b\" data-element_type=\"column\" data-e-type=\"column\">\n\t\t\t<div class=\"elementor-widget-wrap elementor-element-populated\">\n\t\t\t\t\t\t<div class=\"elementor-element elementor-element-1f6fb42 sc_fly_static elementor-widget elementor-widget-text-editor\" data-id=\"1f6fb42\" data-element_type=\"widget\" data-e-type=\"widget\" data-widget_type=\"text-editor.default\">\n\t\t\t\t<div class=\"elementor-widget-container\">\n\t\t\t\t\t\t\t\t\t<h1><strong>Edici\u00f3n y creaci\u00f3n de contenidos<\/strong><\/h1><p>Necesitas comunicar o tienes algo que decir y no sabes c\u00f3mo. Nosotros te ayudamos en la creaci\u00f3n y edici\u00f3n de contenidos digitales y anal\u00f3gicos. Creamos contenido a la carta o adaptamos el tuyo a la medida de tu proyecto y\/o p\u00fablico.<\/p>\t\t\t\t\t\t\t\t<\/div>\n\t\t\t\t<\/div>\n\t\t\t\t<div class=\"elementor-element elementor-element-32b0843 elementor-widget-divider--view-line sc_fly_static elementor-widget elementor-widget-divider\" data-id=\"32b0843\" data-element_type=\"widget\" data-e-type=\"widget\" data-widget_type=\"divider.default\">\n\t\t\t\t<div class=\"elementor-widget-container\">\n\t\t\t\t\t\t\t<div class=\"elementor-divider\">\n\t\t\t<span class=\"elementor-divider-separator\">\n\t\t\t\t\t\t<\/span>\n\t\t<\/div>\n\t\t\t\t\t\t<\/div>\n\t\t\t\t<\/div>\n\t\t\t\t\t<\/div>\n\t\t<\/div>\n\t\t\t\t\t<\/div>\n\t\t<\/section>\n\t\t\t\t<section class=\"elementor-section elementor-top-section elementor-element elementor-element-27c0095 elementor-section-boxed elementor-section-height-default elementor-section-height-default sc_fly_static\" data-id=\"27c0095\" data-element_type=\"section\" data-e-type=\"section\">\n\t\t\t\t\t\t<div class=\"elementor-container elementor-column-gap-extended\">\n\t\t\t\t\t<div class=\"elementor-column elementor-col-100 elementor-top-column elementor-element elementor-element-cf6e84a sc_inner_width_1_2 sc_content_align_inherit sc_layouts_column_icons_position_left sc_fly_static\" data-id=\"cf6e84a\" data-element_type=\"column\" data-e-type=\"column\">\n\t\t\t<div class=\"elementor-widget-wrap elementor-element-populated\">\n\t\t\t\t\t\t<div class=\"elementor-element elementor-element-967a9c7 sc_fly_static elementor-widget elementor-widget-trx_sc_testimonials\" data-id=\"967a9c7\" data-element_type=\"widget\" data-e-type=\"widget\" data-widget_type=\"trx_sc_testimonials.default\">\n\t\t\t\t<div class=\"elementor-widget-container\">\n\t\t\t\t\t<div \t\tclass=\"sc_testimonials sc_testimonials_classic\"><div class=\"sc_testimonials_columns_wrap sc_item_columns trx_addons_columns_wrap columns_padding_bottom columns_in_single_row\"><div class=\"trx_addons_column-1_2\"><div data-post-id=\"1253\" class=\"sc_testimonials_item sc_item_container post_container\">\r\n\t<div class=\"sc_testimonials_item_content\"><p>Hace a\u00f1os que quer\u00eda publicar mi libro pero no ten\u00eda idea del proceso. Borrador editores me asesor\u00f3 en todo el proceso y por fin pude publicar<\/p>\n<\/div>\r\n\t<div class=\"sc_testimonials_item_author\">\r\n\t\t<div class=\"sc_testimonials_item_author_data\">\r\n\t\t\t<h4 class=\"sc_testimonials_item_author_title\">Alex Almeida, autor de &#8220;Los inconformes del pedestal&#8221;<\/h4>\r\n            <div class=\"sc_testimonials_item_author_rating\"><span class=\"sc_testimonials_rating\">\n\t\t\t<span class=\"sc_testimonials_rating_stars\">\n\t\t\t\t<span class=\"sc_testimonials_rating_stars_default\"><span class=\"sc_testimonials_rating_star trx_addons_icon-star\"><\/span><span class=\"sc_testimonials_rating_star trx_addons_icon-star\"><\/span><span class=\"sc_testimonials_rating_star trx_addons_icon-star\"><\/span><span class=\"sc_testimonials_rating_star trx_addons_icon-star\"><\/span><span class=\"sc_testimonials_rating_star trx_addons_icon-star\"><\/span><\/span><span class=\"sc_testimonials_rating_stars_hover\" style=\"width:100%;\"><span class=\"sc_testimonials_rating_star trx_addons_icon-star\"><\/span><span class=\"sc_testimonials_rating_star trx_addons_icon-star\"><\/span><span class=\"sc_testimonials_rating_star trx_addons_icon-star\"><\/span><span class=\"sc_testimonials_rating_star trx_addons_icon-star\"><\/span><span class=\"sc_testimonials_rating_star trx_addons_icon-star\"><\/span><\/span>\n\t\t\t<\/span>\n\t\t<\/span><\/div>\t\t<\/div>\r\n\t<\/div>\r\n<\/div>\r\n<\/div><div class=\"trx_addons_column-1_2\"><div data-post-id=\"1242\" class=\"sc_testimonials_item sc_item_container post_container\">\r\n\t<div class=\"sc_testimonials_item_content\"><p>Borrador editores me ayud\u00f3 y me acompa\u00f1\u00f3 en todo el proceso<\/p>\n<\/div>\r\n\t<div class=\"sc_testimonials_item_author\">\r\n\t\t<div class=\"sc_testimonials_item_author_data\">\r\n\t\t\t<h4 class=\"sc_testimonials_item_author_title\">Armando Carreteros, autor de &#8220;Las bestias&#8221;<\/h4>\r\n            <div class=\"sc_testimonials_item_author_rating\"><span class=\"sc_testimonials_rating\">\n\t\t\t<span class=\"sc_testimonials_rating_stars\">\n\t\t\t\t<span class=\"sc_testimonials_rating_stars_default\"><span class=\"sc_testimonials_rating_star trx_addons_icon-star\"><\/span><span class=\"sc_testimonials_rating_star trx_addons_icon-star\"><\/span><span class=\"sc_testimonials_rating_star trx_addons_icon-star\"><\/span><span class=\"sc_testimonials_rating_star trx_addons_icon-star\"><\/span><span class=\"sc_testimonials_rating_star trx_addons_icon-star\"><\/span><\/span><span class=\"sc_testimonials_rating_stars_hover\" style=\"width:100%;\"><span class=\"sc_testimonials_rating_star trx_addons_icon-star\"><\/span><span class=\"sc_testimonials_rating_star trx_addons_icon-star\"><\/span><span class=\"sc_testimonials_rating_star trx_addons_icon-star\"><\/span><span class=\"sc_testimonials_rating_star trx_addons_icon-star\"><\/span><span class=\"sc_testimonials_rating_star trx_addons_icon-star\"><\/span><\/span>\n\t\t\t<\/span>\n\t\t<\/span><\/div>\t\t<\/div>\r\n\t<\/div>\r\n<\/div>\r\n<\/div><\/div><\/div><!-- \/.sc_testimonials -->\t\t\t\t<\/div>\n\t\t\t\t<\/div>\n\t\t\t\t\t<\/div>\n\t\t<\/div>\n\t\t\t\t\t<\/div>\n\t\t<\/section>\n\t\t\t\t<\/div>\n\t\t","protected":false},"excerpt":{"rendered":"<p>Edici\u00f3n y creaci\u00f3n de contenidos Necesitas comunicar o tienes algo que decir y no sabes c\u00f3mo. Nosotros te ayudamos en la creaci\u00f3n y edici\u00f3n de contenidos digitales y anal\u00f3gicos. Creamos&hellip;<\/p>\n","protected":false},"author":1,"featured_media":1339,"parent":0,"menu_order":0,"comment_status":"closed","ping_status":"closed","template":"","meta":{"footnotes":""},"class_list":["post-1270","page","type-page","status-publish","has-post-thumbnail","hentry"],"_links":{"self":[{"href":"https:\/\/borradoreditores.com\/web\/wp-json\/wp\/v2\/pages\/1270","targetHints":{"allow":["GET"]}}],"collection":[{"href":"https:\/\/borradoreditores.com\/web\/wp-json\/wp\/v2\/pages"}],"about":[{"href":"https:\/\/borradoreditores.com\/web\/wp-json\/wp\/v2\/types\/page"}],"author":[{"embeddable":true,"href":"https:\/\/borradoreditores.com\/web\/wp-json\/wp\/v2\/users\/1"}],"replies":[{"embeddable":true,"href":"https:\/\/borradoreditores.com\/web\/wp-json\/wp\/v2\/comments?post=1270"}],"version-history":[{"count":4,"href":"https:\/\/borradoreditores.com\/web\/wp-json\/wp\/v2\/pages\/1270\/revisions"}],"predecessor-version":[{"id":1275,"href":"https:\/\/borradoreditores.com\/web\/wp-json\/wp\/v2\/pages\/1270\/revisions\/1275"}],"wp:featuredmedia":[{"embeddable":true,"href":"https:\/\/borradoreditores.com\/web\/wp-json\/wp\/v2\/media\/1339"}],"wp:attachment":[{"href":"https:\/\/borradoreditores.com\/web\/wp-json\/wp\/v2\/media?parent=1270"}],"curies":[{"name":"wp","href":"https:\/\/api.w.org\/{rel}","templated":true}]}}