{"id":1223,"date":"2024-04-08T18:58:49","date_gmt":"2024-04-08T18:58:49","guid":{"rendered":"https:\/\/borradoreditores.com\/web\/?page_id=1223"},"modified":"2024-04-09T21:25:04","modified_gmt":"2024-04-09T21:25:04","slug":"publicaciones","status":"publish","type":"page","link":"https:\/\/borradoreditores.com\/web\/publicaciones\/","title":{"rendered":"Publicaciones"},"content":{"rendered":"\t\t<div data-elementor-type=\"wp-page\" data-elementor-id=\"1223\" class=\"elementor elementor-1223\">\n\t\t\t\t\t\t<section class=\"elementor-section elementor-top-section elementor-element elementor-element-5cef277c elementor-section-boxed elementor-section-height-default elementor-section-height-default sc_fly_static\" data-id=\"5cef277c\" data-element_type=\"section\" data-e-type=\"section\">\n\t\t\t\t\t\t<div class=\"elementor-container elementor-column-gap-extended\">\n\t\t\t\t\t<div class=\"elementor-column elementor-col-100 elementor-top-column elementor-element elementor-element-4a78658e sc_inner_width_1_2 sc_content_align_inherit sc_layouts_column_icons_position_left sc_fly_static\" data-id=\"4a78658e\" data-element_type=\"column\" data-e-type=\"column\">\n\t\t\t<div class=\"elementor-widget-wrap elementor-element-populated\">\n\t\t\t\t\t\t<div class=\"elementor-element elementor-element-2c45879b elementor-widget__width-initial sc_fly_static elementor-widget elementor-widget-text-editor\" data-id=\"2c45879b\" data-element_type=\"widget\" data-e-type=\"widget\" data-widget_type=\"text-editor.default\">\n\t\t\t\t<div class=\"elementor-widget-container\">\n\t\t\t\t\t\t\t\t\t<h1><strong>Publicaciones<\/strong><\/h1><p>Hay todo un proceso y acciones que van a hacer realidad ese libro en una librer\u00eda, en una feria, en una biblioteca. Antes de ver en tus manos y en las de tus lectores el resultado de este gran esfuerzo, tenemos que dar el paso de gestionar los aspectos t\u00e9cnicos y legales, y adem\u00e1s nos involucramos en la distribuci\u00f3n y promoci\u00f3n.<\/p>\t\t\t\t\t\t\t\t<\/div>\n\t\t\t\t<\/div>\n\t\t\t\t\t<\/div>\n\t\t<\/div>\n\t\t\t\t\t<\/div>\n\t\t<\/section>\n\t\t\t\t<section class=\"elementor-section elementor-top-section elementor-element elementor-element-e708edc elementor-section-boxed elementor-section-height-default elementor-section-height-default sc_fly_static\" data-id=\"e708edc\" data-element_type=\"section\" data-e-type=\"section\">\n\t\t\t\t\t\t<div class=\"elementor-container elementor-column-gap-extended\">\n\t\t\t\t\t<div class=\"elementor-column elementor-col-100 elementor-top-column elementor-element elementor-element-f3f5718 sc_inner_width_1_2 sc_content_align_inherit sc_layouts_column_icons_position_left sc_fly_static\" data-id=\"f3f5718\" data-element_type=\"column\" data-e-type=\"column\">\n\t\t\t<div class=\"elementor-widget-wrap elementor-element-populated\">\n\t\t\t\t\t\t<div class=\"elementor-element elementor-element-d34c74a sc_fly_static elementor-widget elementor-widget-trx_sc_testimonials\" data-id=\"d34c74a\" data-element_type=\"widget\" data-e-type=\"widget\" data-widget_type=\"trx_sc_testimonials.default\">\n\t\t\t\t<div class=\"elementor-widget-container\">\n\t\t\t\t\t<div \t\tclass=\"sc_testimonials sc_testimonials_classic\"><div class=\"sc_testimonials_columns_wrap sc_item_columns trx_addons_columns_wrap columns_padding_bottom columns_in_single_row\"><div class=\"trx_addons_column-1_2\"><div data-post-id=\"1242\" class=\"sc_testimonials_item sc_item_container post_container\">\r\n\t<div class=\"sc_testimonials_item_content\"><p>Borrador editores me ayud\u00f3 y me acompa\u00f1\u00f3 en todo el proceso<\/p>\n<\/div>\r\n\t<div class=\"sc_testimonials_item_author\">\r\n\t\t<div class=\"sc_testimonials_item_author_data\">\r\n\t\t\t<h4 class=\"sc_testimonials_item_author_title\">Armando Carreteros, autor de &#8220;Las bestias&#8221;<\/h4>\r\n            <div class=\"sc_testimonials_item_author_rating\"><span class=\"sc_testimonials_rating\">\n\t\t\t<span class=\"sc_testimonials_rating_stars\">\n\t\t\t\t<span class=\"sc_testimonials_rating_stars_default\"><span class=\"sc_testimonials_rating_star trx_addons_icon-star\"><\/span><span class=\"sc_testimonials_rating_star trx_addons_icon-star\"><\/span><span class=\"sc_testimonials_rating_star trx_addons_icon-star\"><\/span><span class=\"sc_testimonials_rating_star trx_addons_icon-star\"><\/span><span class=\"sc_testimonials_rating_star trx_addons_icon-star\"><\/span><\/span><span class=\"sc_testimonials_rating_stars_hover\" style=\"width:100%;\"><span class=\"sc_testimonials_rating_star trx_addons_icon-star\"><\/span><span class=\"sc_testimonials_rating_star trx_addons_icon-star\"><\/span><span class=\"sc_testimonials_rating_star trx_addons_icon-star\"><\/span><span class=\"sc_testimonials_rating_star trx_addons_icon-star\"><\/span><span class=\"sc_testimonials_rating_star trx_addons_icon-star\"><\/span><\/span>\n\t\t\t<\/span>\n\t\t<\/span><\/div>\t\t<\/div>\r\n\t<\/div>\r\n<\/div>\r\n<\/div><div class=\"trx_addons_column-1_2\"><div data-post-id=\"1253\" class=\"sc_testimonials_item sc_item_container post_container\">\r\n\t<div class=\"sc_testimonials_item_content\"><p>Hace a\u00f1os que quer\u00eda publicar mi libro pero no ten\u00eda idea del proceso. Borrador editores me asesor\u00f3 en todo el proceso y por fin pude publicar<\/p>\n<\/div>\r\n\t<div class=\"sc_testimonials_item_author\">\r\n\t\t<div class=\"sc_testimonials_item_author_data\">\r\n\t\t\t<h4 class=\"sc_testimonials_item_author_title\">Alex Almeida, autor de &#8220;Los inconformes del pedestal&#8221;<\/h4>\r\n            <div class=\"sc_testimonials_item_author_rating\"><span class=\"sc_testimonials_rating\">\n\t\t\t<span class=\"sc_testimonials_rating_stars\">\n\t\t\t\t<span class=\"sc_testimonials_rating_stars_default\"><span class=\"sc_testimonials_rating_star trx_addons_icon-star\"><\/span><span class=\"sc_testimonials_rating_star trx_addons_icon-star\"><\/span><span class=\"sc_testimonials_rating_star trx_addons_icon-star\"><\/span><span class=\"sc_testimonials_rating_star trx_addons_icon-star\"><\/span><span class=\"sc_testimonials_rating_star trx_addons_icon-star\"><\/span><\/span><span class=\"sc_testimonials_rating_stars_hover\" style=\"width:100%;\"><span class=\"sc_testimonials_rating_star trx_addons_icon-star\"><\/span><span class=\"sc_testimonials_rating_star trx_addons_icon-star\"><\/span><span class=\"sc_testimonials_rating_star trx_addons_icon-star\"><\/span><span class=\"sc_testimonials_rating_star trx_addons_icon-star\"><\/span><span class=\"sc_testimonials_rating_star trx_addons_icon-star\"><\/span><\/span>\n\t\t\t<\/span>\n\t\t<\/span><\/div>\t\t<\/div>\r\n\t<\/div>\r\n<\/div>\r\n<\/div><\/div><\/div><!-- \/.sc_testimonials -->\t\t\t\t<\/div>\n\t\t\t\t<\/div>\n\t\t\t\t\t<\/div>\n\t\t<\/div>\n\t\t\t\t\t<\/div>\n\t\t<\/section>\n\t\t\t\t<\/div>\n\t\t","protected":false},"excerpt":{"rendered":"<p>Publicaciones Hay todo un proceso y acciones que van a hacer realidad ese libro en una librer\u00eda, en una feria, en una biblioteca. Antes de ver en tus manos y&hellip;<\/p>\n","protected":false},"author":1,"featured_media":1340,"parent":0,"menu_order":0,"comment_status":"closed","ping_status":"closed","template":"","meta":{"footnotes":""},"class_list":["post-1223","page","type-page","status-publish","has-post-thumbnail","hentry"],"_links":{"self":[{"href":"https:\/\/borradoreditores.com\/web\/wp-json\/wp\/v2\/pages\/1223","targetHints":{"allow":["GET"]}}],"collection":[{"href":"https:\/\/borradoreditores.com\/web\/wp-json\/wp\/v2\/pages"}],"about":[{"href":"https:\/\/borradoreditores.com\/web\/wp-json\/wp\/v2\/types\/page"}],"author":[{"embeddable":true,"href":"https:\/\/borradoreditores.com\/web\/wp-json\/wp\/v2\/users\/1"}],"replies":[{"embeddable":true,"href":"https:\/\/borradoreditores.com\/web\/wp-json\/wp\/v2\/comments?post=1223"}],"version-history":[{"count":22,"href":"https:\/\/borradoreditores.com\/web\/wp-json\/wp\/v2\/pages\/1223\/revisions"}],"predecessor-version":[{"id":1252,"href":"https:\/\/borradoreditores.com\/web\/wp-json\/wp\/v2\/pages\/1223\/revisions\/1252"}],"wp:featuredmedia":[{"embeddable":true,"href":"https:\/\/borradoreditores.com\/web\/wp-json\/wp\/v2\/media\/1340"}],"wp:attachment":[{"href":"https:\/\/borradoreditores.com\/web\/wp-json\/wp\/v2\/media?parent=1223"}],"curies":[{"name":"wp","href":"https:\/\/api.w.org\/{rel}","templated":true}]}}